{"id":7023,"date":"2020-03-07T16:44:36","date_gmt":"2020-03-07T15:44:36","guid":{"rendered":"https:\/\/www.economia-del-bene-comune.it\/vision\/"},"modified":"2021-03-23T20:02:53","modified_gmt":"2021-03-23T19:02:53","slug":"vision","status":"publish","type":"page","link":"https:\/\/www.economia-del-bene-comune.it\/de\/vision\/","title":{"rendered":"Vision"},"content":{"rendered":"<p>[et_pb_section fb_built=&#8221;1&#8243; _builder_version=&#8221;4.1&#8243; border_color_all=&#8221;rgba(0,0,0,0)&#8221; collapsed=&#8221;off&#8221;][et_pb_row admin_label=&#8221;DIE GW\u00d6-BILANZ&#8221; _builder_version=&#8221;4.4.5&#8243; min_height=&#8221;10px&#8221; custom_margin=&#8221;|79px||48px||&#8221; custom_padding=&#8221;|279px||||&#8221; hover_enabled=&#8221;0&#8243; background_enable_image=&#8221;off&#8221;][et_pb_column type=&#8221;4_4&#8243; _builder_version=&#8221;4.1&#8243;][et_pb_text _builder_version=&#8221;4.1&#8243; custom_margin=&#8221;|-234px||||&#8221;]<\/p>\n<h1>Unsere Vision<\/h1>\n<p>[\/et_pb_text][\/et_pb_column][\/et_pb_row][\/et_pb_section][et_pb_section fb_built=&#8221;1&#8243; _builder_version=&#8221;4.1&#8243; background_enable_image=&#8221;off&#8221; collapsed=&#8221;off&#8221;][et_pb_row column_structure=&#8221;1_2,1_2&#8243; admin_label=&#8221;DIE GW\u00d6-BILANZ&#8221; _builder_version=&#8221;4.1&#8243; background_color=&#8221;rgba(0,0,0,0)&#8221; background_enable_image=&#8221;off&#8221; min_height=&#8221;10px&#8221; custom_margin=&#8221;|79px||48px||&#8221; custom_padding=&#8221;|279px||||&#8221;][et_pb_column type=&#8221;1_2&#8243; _builder_version=&#8221;4.1&#8243;][et_pb_image src=&#8221;https:\/\/networld.gwoe.ch\/wp-content\/uploads\/2020\/02\/Christian_Felber.jpg&#8221; _builder_version=&#8221;4.1&#8243;][\/et_pb_image][\/et_pb_column][et_pb_column type=&#8221;1_2&#8243; _builder_version=&#8221;4.1&#8243;][et_pb_text _builder_version=&#8221;4.1&#8243; text_text_color=&#8221;#009da5&#8243; text_font_size=&#8221;20px&#8221; background_enable_image=&#8221;off&#8221; custom_margin=&#8221;|-234px||||&#8221;]<\/p>\n<p><strong><em>&#8220;Unser gegenw\u00e4rtiges Wirtschaftssystem &#8216;arbeitet auf den Kopf gestellt&#8217;. Geld ist zum Selbstzweck geworden und nicht mehr ein Mittel f\u00fcr das, was wirklich z\u00e4hlt: ein gutes Leben f\u00fcr alle&#8221;.<\/em><\/strong> [Christian Felber, Mitbegr\u00fcnder der GW\u00d6]<\/p>\n<p>[\/et_pb_text][\/et_pb_column][\/et_pb_row][\/et_pb_section][et_pb_section fb_built=&#8221;1&#8243; _builder_version=&#8221;4.1&#8243;][et_pb_row column_structure=&#8221;1_2,1_2&#8243; _builder_version=&#8221;4.1&#8243;][et_pb_column type=&#8221;1_2&#8243; _builder_version=&#8221;4.1&#8243;][et_pb_text _builder_version=&#8221;4.1&#8243; locked=&#8221;off&#8221;]<\/p>\n<h2>Vision<\/h2>\n<p>Die\u00a0 Gemeinwohl-\u00d6konomie (GW\u00d6) ist eine internationale Bewegung, die ein ethisches sozio\u00f6konomisches Modell vorschl\u00e4gt, in dem die Wirtschaft auf das Wohl der Menschen und des Planeten ausgerichtet ist und auf 5 Grundwerten basiert, die auf das Gemeinwohl ausgerichtet sind:<\/p>\n<h3>Menschenw\u00fcrde &#8211; Solidarit\u00e4t und Soziale Gerechtigkeit &#8211; \u00d6kologische Nachhaltigkeit &#8211; Transparenz und demokratische Mitbestimmung<\/h3>\n<p>&nbsp;<\/p>\n<p>[\/et_pb_text][\/et_pb_column][et_pb_column type=&#8221;1_2&#8243; _builder_version=&#8221;4.1&#8243;][et_pb_text _builder_version=&#8221;4.1&#8243;]<\/p>\n<h2><span style=\"font-weight: 400;\">&#8220;Das Gemeinwohl hat das Ziel des Wohlergehens und des Wohlstands f\u00fcr gegenw\u00e4rtige und zuk\u00fcnftige Generationen, die in dem Ma\u00dfe verwirklicht werden kann, in dem das kollektive Interesse Vorrang vor dem individuellen hat.&#8221;<\/span><\/h2>\n<p>&nbsp;<\/p>\n<p>[\/et_pb_text][\/et_pb_column][\/et_pb_row][et_pb_row column_structure=&#8221;1_2,1_2&#8243; _builder_version=&#8221;4.1&#8243;][et_pb_column type=&#8221;1_2&#8243; _builder_version=&#8221;4.1&#8243;][et_pb_text _builder_version=&#8221;4.1&#8243; locked=&#8221;off&#8221;]<\/p>\n<h2>Auf <strong>\u00f6konomischer <\/strong>Ebene<\/h2>\n<p>Die Wirtschaft dient dem Gemeinwohl und nicht der einfachen Anh\u00e4ufung von Geld und Kapital. Die Gemeinwohl\u00f6konomie ist ein sozio\u00f6konomisches Modell, an dessen Ende ein gutes Leben f\u00fcr alle steht.\u00a0 Ungleichheiten in der Einkommens- und Machtdynamik werden minimiert. Der Verbrauch nat\u00fcrlicher Ressourcen findet innerhalb der planetarischen Grenzen der Regenerationsf\u00e4higkeit von \u00d6kosystemen statt. Gegenw\u00e4rtige und zuk\u00fcnftige Generationen genie\u00dfen Chancengleichheit. Dank der Ver\u00f6ffentlichung des Gemeinwohlberichts k\u00f6nnen Unternehmen ihren Erfolg auf der Grundlage ihrer F\u00e4higkeit beurteilen, auf der Grundlage der 5 Grundprinzipien f\u00fcr alle Stakeholder Werte zu schaffen. Auf diese Weise werden nachhaltige und verantwortungsbewusste Unternehmen auf dem Markt bevorzugt \u00a0<\/p>\n<p>[\/et_pb_text][\/et_pb_column][et_pb_column type=&#8221;1_2&#8243; _builder_version=&#8221;4.1&#8243;][et_pb_text _builder_version=&#8221;4.1&#8243; locked=&#8221;off&#8221;]<\/p>\n<h2>Auf <strong>politischer <\/strong>Ebene<\/h2>\n<p><span style=\"color: var(--dark-font); font-family: var(--roman-font); font-size: 14px; letter-spacing: 0.2px;\">l\u2019<\/span><b style=\"color: var(--dark-font); font-family: var(--roman-font); font-size: 14px; letter-spacing: 0.2px;\">Economia del Bene Comune <\/b><span style=\"font-weight: 400;\">\u00e8 un motore per il cambiamento. Anche gli enti pubblici possono valutare il loro reale contributo al bene comune e ad una buona vita per tutti. Inoltre, possono basare il public procurement, i contributi e gli incentivi alle imprese in base al loro effettivo contributo al bene comune, valutato con il bilancio del bene comune, privilegiando i soggetti con un contributo al bene comune pi\u00f9 alto. Tasse, dazi, prestiti, public procurment e sviluppo d\u2019impresa sono finalizzati a rafforzare il bene comune.<\/span><\/p>\n<p>[\/et_pb_text][\/et_pb_column][\/et_pb_row][et_pb_row column_structure=&#8221;1_2,1_2&#8243; _builder_version=&#8221;4.1&#8243;][et_pb_column type=&#8221;1_2&#8243; _builder_version=&#8221;4.1&#8243;][et_pb_text _builder_version=&#8221;4.1&#8243; locked=&#8221;off&#8221;]<\/p>\n<h2>Auf <strong>sozialer <\/strong>Ebene<\/h2>\n<p><b>\u00a0<\/b><span style=\"font-weight: 400;\">l\u2019<\/span><b>Economia del Bene Comune <\/b><span style=\"font-weight: 400;\">promuove un&#8217;educazione consapevole che stimoli il maggior numero di persone a riflettere e trasformare il proprio stile di vita valorizzando reciprocamente se stessi e la comunit\u00e0. Anche individui, famiglie e scuole possono valutare il proprio contributo al bene comune attraverso appositi bilanci del bene comune.<\/span> \u00a0<\/p>\n<p>[\/et_pb_text][\/et_pb_column][et_pb_column type=&#8221;1_2&#8243; _builder_version=&#8221;4.1&#8243;][et_pb_text _builder_version=&#8221;4.1&#8243; locked=&#8221;off&#8221;]<\/p>\n<h2>Die Anerkennung durch den Europ\u00e4ischen Wirtschafts- und Sozialausschuss<\/h2>\n<p>Dank ihres ganzheitlichen Ansatzes hat die Gemeinwohl-\u00d6konomie ein \u00e4u\u00dferst wichtiges politisches Ergebnis erzielt: 2015 wurde das von der Bewegung vorgeschlagene sozio\u00f6konomische Modell vom EWSA (Europ\u00e4ischer Wirtschafts- und Sozialausschuss) als einziges &#8211; ethisches, nachhaltiges und auf sozialen Zusammenhalt ausgerichtetes &#8211; Wirtschaftsmodell anerkannt, das die geringe Belastbarkeit des europ\u00e4ischen Wirtschafts- und Sozialsystems angehen kann.<\/p>\n<p>Lesen Sie die vollst\u00e4ndige Stellungnahme<span style=\"font-weight: 400;\"> <a href=\"https:\/\/www.eesc.europa.eu\/our-work\/opinions-information-reports\/opinions\/economy-common-good\" target=\"_blank\" rel=\"noopener noreferrer\">HIER<\/a>!<\/span><span style=\"font-weight: 400;\">\u00a0<\/span><\/p>\n<p>[\/et_pb_text][\/et_pb_column][\/et_pb_row][et_pb_row _builder_version=&#8221;4.1&#8243;][et_pb_column type=&#8221;4_4&#8243; _builder_version=&#8221;4.1&#8243;][et_pb_text _builder_version=&#8221;4.1&#8243; locked=&#8221;off&#8221;]<\/p>\n<h2>Die Gemeinwohl-Bilanz<\/h2>\n<p>Die Gemeinwohl-Bilanz ist das Hauptinstrument der Gemeinwohl-\u00d6konomie. Sie erlaubt es, die Qualit\u00e4t der Anwendung der 5 Werte zu bewerten grundlegend f\u00fcr die Beziehung einer Organisation zu all ihren Interessengruppen. Auf diese Weise wird der Respekt f\u00fcr den Menschen und das \u00d6kosystem in einem System gemeinsamer Wertsch\u00f6pfung, das auf kooperativem, unterst\u00fctzendem, \u00f6kologischem, demokratischem und integrativem Verhalten basiert, in den Mittelpunkt der wirtschaftlichen Aktivit\u00e4t gestellt. <a href=\"https:\/\/www.economia-del-bene-comune.it\/bilancio-2\/\">Entdecken Sie das Werkzeug der Gemeinwohl-Bilanz<\/a><\/p>\n<p>[\/et_pb_text][\/et_pb_column][\/et_pb_row][\/et_pb_section]<\/p>\n","protected":false},"excerpt":{"rendered":"<p>[et_pb_section fb_built=&#8221;1&#8243; _builder_version=&#8221;4.1&#8243; border_color_all=&#8221;rgba(0,0,0,0)&#8221; collapsed=&#8221;off&#8221;][et_pb_row admin_label=&#8221;DIE GW\u00d6-BILANZ&#8221; _builder_version=&#8221;4.4.5&#8243; min_height=&#8221;10px&#8221; custom_margin=&#8221;|79px||48px||&#8221; custom_padding=&#8221;|279px||||&#8221; hover_enabled=&#8221;0&#8243; background_enable_image=&#8221;off&#8221;][et_pb_column type=&#8221;4_4&#8243; _builder_version=&#8221;4.1&#8243;][et_pb_text _builder_version=&#8221;4.1&#8243; custom_margin=&#8221;|-234px||||&#8221;] Unsere Vision [\/et_pb_text][\/et_pb_column][\/et_pb_row][\/et_pb_section][et_pb_section fb_built=&#8221;1&#8243; _builder_version=&#8221;4.1&#8243; background_enable_image=&#8221;off&#8221; collapsed=&#8221;off&#8221;][et_pb_row column_structure=&#8221;1_2,1_2&#8243; admin_label=&#8221;DIE GW\u00d6-BILANZ&#8221; _builder_version=&#8221;4.1&#8243; background_color=&#8221;rgba(0,0,0,0)&#8221; background_enable_image=&#8221;off&#8221; [&hellip;]<\/p>\n","protected":false},"author":17,"featured_media":0,"parent":0,"menu_order":0,"comment_status":"closed","ping_status":"closed","template":"","meta":{"_et_pb_use_builder":"on","_et_pb_old_content":"","_et_gb_content_width":"","_mi_skip_tracking":false,"_monsterinsights_sitenote_active":false,"_monsterinsights_sitenote_note":"","_monsterinsights_sitenote_category":0,"footnotes":""},"class_list":["post-7023","page","type-page","status-publish","hentry"],"_links":{"self":[{"href":"https:\/\/www.economia-del-bene-comune.it\/de\/wp-json\/wp\/v2\/pages\/7023","targetHints":{"allow":["GET"]}}],"collection":[{"href":"https:\/\/www.economia-del-bene-comune.it\/de\/wp-json\/wp\/v2\/pages"}],"about":[{"href":"https:\/\/www.economia-del-bene-comune.it\/de\/wp-json\/wp\/v2\/types\/page"}],"author":[{"embeddable":true,"href":"https:\/\/www.economia-del-bene-comune.it\/de\/wp-json\/wp\/v2\/users\/17"}],"replies":[{"embeddable":true,"href":"https:\/\/www.economia-del-bene-comune.it\/de\/wp-json\/wp\/v2\/comments?post=7023"}],"version-history":[{"count":5,"href":"https:\/\/www.economia-del-bene-comune.it\/de\/wp-json\/wp\/v2\/pages\/7023\/revisions"}],"predecessor-version":[{"id":9538,"href":"https:\/\/www.economia-del-bene-comune.it\/de\/wp-json\/wp\/v2\/pages\/7023\/revisions\/9538"}],"wp:attachment":[{"href":"https:\/\/www.economia-del-bene-comune.it\/de\/wp-json\/wp\/v2\/media?parent=7023"}],"curies":[{"name":"wp","href":"https:\/\/api.w.org\/{rel}","templated":true}]}}