{"id":7262,"date":"2020-04-11T14:29:20","date_gmt":"2020-04-11T12:29:20","guid":{"rendered":"https:\/\/www.economia-del-bene-comune.it\/?page_id=7262"},"modified":"2021-11-21T16:44:38","modified_gmt":"2021-11-21T15:44:38","slug":"gemeinden","status":"publish","type":"page","link":"https:\/\/www.economia-del-bene-comune.it\/de\/gemeinden\/","title":{"rendered":"Gemeinden"},"content":{"rendered":"<p>[et_pb_section fb_built=&#8221;1&#8243; _builder_version=&#8221;4.1&#8243; border_color_all=&#8221;rgba(0,0,0,0)&#8221; collapsed=&#8221;off&#8221;][et_pb_row admin_label=&#8221;DIE GEMEINWOHLBILANZ&#8221; _builder_version=&#8221;4.4.5&#8243; background_enable_image=&#8221;off&#8221; min_height=&#8221;10px&#8221; custom_margin=&#8221;|79px||48px||&#8221; custom_padding=&#8221;|279px||||&#8221;][et_pb_column type=&#8221;4_4&#8243; _builder_version=&#8221;4.1&#8243;][et_pb_text _builder_version=&#8221;4.1&#8243; custom_margin=&#8221;|-234px||||&#8221;]<\/p>\n<h1><strong>GEMEINDEN <\/strong><\/h1>\n<p>[\/et_pb_text][\/et_pb_column][\/et_pb_row][\/et_pb_section][et_pb_section fb_built=&#8221;1&#8243; _builder_version=&#8221;4.1&#8243; background_enable_image=&#8221;off&#8221; collapsed=&#8221;off&#8221;][et_pb_row column_structure=&#8221;1_2,1_2&#8243; admin_label=&#8221;DIE GEMEINWOHLBILANZ&#8221; _builder_version=&#8221;4.1&#8243; background_color=&#8221;rgba(0,0,0,0)&#8221; background_enable_image=&#8221;off&#8221; min_height=&#8221;10px&#8221; custom_margin=&#8221;|79px||48px||&#8221; custom_padding=&#8221;|279px||||&#8221;][et_pb_column type=&#8221;1_2&#8243; _builder_version=&#8221;4.1&#8243;][et_pb_image src=&#8221;https:\/\/networld.gwoe.ch\/wp-content\/uploads\/2020\/02\/Christian_Felber.jpg&#8221; _builder_version=&#8221;4.1&#8243;][\/et_pb_image][\/et_pb_column][et_pb_column type=&#8221;1_2&#8243; _builder_version=&#8221;4.1&#8243;][et_pb_text _builder_version=&#8221;4.1&#8243; text_text_color=&#8221;#009da5&#8243; text_font_size=&#8221;20px&#8221; background_enable_image=&#8221;off&#8221; custom_margin=&#8221;|-234px||||&#8221;]<\/p>\n<p style=\"text-align: left;\"><em>&#8220;Unser derzeitiges Wirtschaftssystem &#8216;funktioniert auf den Kopf gestellt&#8217;. Geld ist zum Selbstzweck geworden und nicht zum Mittel f\u00fcr das, was wirklich z\u00e4hlt: ein gutes Leben f\u00fcr alle&#8221;<\/em><\/p>\n<p style=\"text-align: right;\">[Christian Felber,Mitbegr\u00fcnder der GW\u00d6]<\/p>\n<p>[\/et_pb_text][\/et_pb_column][\/et_pb_row][\/et_pb_section][et_pb_section fb_built=&#8221;1&#8243; _builder_version=&#8221;4.1&#8243;][et_pb_row column_structure=&#8221;1_2,1_2&#8243; _builder_version=&#8221;4.1&#8243;][et_pb_column type=&#8221;1_2&#8243; _builder_version=&#8221;4.1&#8243;][et_pb_text _builder_version=&#8221;4.1&#8243;]<\/p>\n<h1>Eine Gemeinwohlbilanz f\u00fcr GEMEINDEN<\/h1>\n<p>Die Gemeinwohlbilanz f\u00fcr Gemeinden ist ein konkretes Instrument, welches den \u00f6ffentlichen Verwaltungen zur Verf\u00fcgung steht:<\/p>\n<ul>\n<li>Um alle ihre Aktivit\u00e4ten Richtung kollektives Interesse auszurichten, sich selbst am Beitrag zum Gemeinwohl zu messen und die Beziehungen zu den Interessengruppen (Lieferanten, Finanzierungen, Mitarbeiter*innen, B\u00fcrger*innen, und Umwelt \/ zuk\u00fcnftige Generationen) zu bewerten. Die Bewertung erfolgt aufgrund der Qualit\u00e4t der Anwendung der 5 Grundwerte in der Beziehung zu allen Interessengruppen.<\/li>\n<li>Um Transparenz und Rechenschaftspflicht zu erreichen gegen\u00fcber den B\u00fcrger*innen des Territoriums und die Auswirkungen der getroffenen Entscheidungen und Ma\u00dfnahmen auf das Gemeinwohl.<\/li>\n<\/ul>\n<p>[\/et_pb_text][\/et_pb_column][et_pb_column type=&#8221;1_2&#8243; _builder_version=&#8221;4.1&#8243;][et_pb_text _builder_version=&#8221;4.1&#8243;]<\/p>\n<h1>Was ist eine Gemeinwohlbilanz f\u00fcr GEMEINDEN<\/h1>\n<p>Die Gemeinwohlbilanz besteht aus:<\/p>\n<ul>\n<li>einem beschreibenden Bericht<\/li>\n<li>eine Selbstbewertung mit Punktevergabe<\/li>\n<li>F\u00fcr die neue Version 2.0 des Gemeinwohlberichts f\u00fcr Gemeinden ist die Validierung der Selbsteinsch\u00e4tzung durch ein externes Audit derzeit noch nicht verf\u00fcgbar.<\/li>\n<\/ul>\n<p>[\/et_pb_text][\/et_pb_column][\/et_pb_row][et_pb_row column_structure=&#8221;1_2,1_2&#8243; _builder_version=&#8221;4.1&#8243;][et_pb_column type=&#8221;1_2&#8243; _builder_version=&#8221;4.1&#8243;][et_pb_text _builder_version=&#8221;4.4.5&#8243; link_option_url_new_window=&#8221;on&#8221;]<\/p>\n<h1>Die Gemeinwohl-Matrix f\u00fcr die GEMEINDEN<\/h1>\n<p>Die Gemeinwohl-Matrix ist das Herzst\u00fcck, der Ausgangspunkt und die Richtschnur f\u00fcr die Erstellung der Gemeinwohlbilanz einer Gemeinde Die Matrix besteht aus 17 Themenfeldern, die das Ergebnis der Interaktion zwischen den 5 Werten und den 5 Ber\u00fchrungsgruppen sind. Die Beurteilung einer Gemeinde anhand der Themen der Matrix erm\u00f6glicht eine systematische Erfassung, welche \u00f6kologischen, sozialen und wirtschaftlichen Werte f\u00fcr alle Ber\u00fchrungsgruppen in einer Gemeinde geschaffen werden. Laden die <a href=\"https:\/\/www.economia-del-bene-comune.it\/wp-content\/uploads\/2020\/04\/Matrice_EBC_Comuni_V2aspetti.pdf\">Matrix 2.0 f\u00fcr Gemeinden<\/a> hier herunter.<\/p>\n<p>[\/et_pb_text][\/et_pb_column][et_pb_column type=&#8221;1_2&#8243; _builder_version=&#8221;4.1&#8243;][et_pb_image src=&#8221;https:\/\/www.economia-del-bene-comune.it\/wp-content\/uploads\/2021\/03\/Matrice-2.0-image-1.jpg&#8221; title_text=&#8221;Matrice 2.0 image&#8221; url=&#8221;https:\/\/www.economia-del-bene-comune.it\/wp-content\/uploads\/2021\/03\/Matrice_EBC_Comuni_V2.pdf&#8221; url_new_window=&#8221;on&#8221; _builder_version=&#8221;4.4.5&#8243;][\/et_pb_image][\/et_pb_column][\/et_pb_row][et_pb_row column_structure=&#8221;1_2,1_2&#8243; _builder_version=&#8221;4.1&#8243;][et_pb_column type=&#8221;1_2&#8243; _builder_version=&#8221;4.1&#8243;][et_pb_text _builder_version=&#8221;4.1&#8243; link_option_url_new_window=&#8221;on&#8221;]<\/p>\n<h1>Das Handbuch f\u00fcr die Gemeinden<\/h1>\n<p>Das Handbuch zur Gemeinwohlbilanz f\u00fcr Gemeinden ist das Instrument, das die Erstellung des Berichts und die Selbstbewertung des Beitrags einer Gemeinde zum Gemeinwohl begleitet. Das Handbuch enth\u00e4lt:<\/p>\n<ul>\n<li><strong>Ausf\u00fchrliche Beschreibungen der einzelnen Themen und Aspekte<\/strong><\/li>\n<li><strong>Die Merkmale des Gemeinwohls f\u00fcr jedes Thema<\/strong><\/li>\n<li><strong>Fragenkatalog zur Einleitung einer Reflexion innerhalb der Gemeinde<\/strong><\/li>\n<li><strong>Eine Liste von Indikatoren f\u00fcr jeden Aspekt<\/strong><\/li>\n<li><strong>Die Ebenen zur Selbstbewertung\u00a0 f\u00fcr alle Aspekte<\/strong><\/li>\n<\/ul>\n<p><strong>Die neue Version Handbuches 2.0 f\u00fcr Gemeinden wird in K\u00fcrze hier zum Herunterladen zur Verf\u00fcgung stehen.<\/strong> \u00a0 \u00a0 \u00a0 \u00a0 \u00a0 <strong>\u00a0\u00a0<\/strong> <strong>\u00a0<\/strong> \u00a0<\/p>\n<p>[\/et_pb_text][\/et_pb_column][et_pb_column type=&#8221;1_2&#8243; _builder_version=&#8221;4.1&#8243;][et_pb_image src=&#8221;https:\/\/www.economia-del-bene-comune.it\/wp-content\/uploads\/2020\/03\/ManualeEBC_Comuni.jpg&#8221; url_new_window=&#8221;on&#8221; _builder_version=&#8221;4.1&#8243;][\/et_pb_image][\/et_pb_column][\/et_pb_row][et_pb_row column_structure=&#8221;1_2,1_2&#8243; _builder_version=&#8221;4.1&#8243;][et_pb_column type=&#8221;1_2&#8243; _builder_version=&#8221;4.1&#8243;][et_pb_text _builder_version=&#8221;4.1&#8243; link_option_url_new_window=&#8221;on&#8221;]<\/p>\n<h1>Kontaktiere uns<\/h1>\n<p>F\u00fcr weitere Informationen \u00fcber die Gemeinwohlbilanz f\u00fcr Gemeinden oder um einen Bilanzierungsprozess mit Unterst\u00fctzung einer\/s GW\u00d6-Berater*in zu starten, kontaktieren Sie uns unter: <a href=\"mailto:comuni@febc.eu\" target=\"_blank\" rel=\"noopener noreferrer\">comuni@febc.eu<\/a><\/p>\n<p>[\/et_pb_text][\/et_pb_column][et_pb_column type=&#8221;1_2&#8243; _builder_version=&#8221;4.1&#8243;][et_pb_image url_new_window=&#8221;on&#8221; _builder_version=&#8221;4.1&#8243;][\/et_pb_image][\/et_pb_column][\/et_pb_row][\/et_pb_section][et_pb_section fb_built=&#8221;1&#8243; _builder_version=&#8221;4.1&#8243;][et_pb_row column_structure=&#8221;1_3,1_3,1_3&#8243; _builder_version=&#8221;4.1&#8243;][et_pb_column type=&#8221;1_3&#8243; _builder_version=&#8221;4.1&#8243;][et_pb_image src=&#8221;https:\/\/www.economia-del-bene-comune.it\/wp-content\/uploads\/2020\/02\/icon_lighthouse_blue.png&#8221; align=&#8221;center&#8221; _builder_version=&#8221;4.1&#8243; min_height=&#8221;50px&#8221; height=&#8221;161px&#8221; max_height=&#8221;375px&#8221;][\/et_pb_image][et_pb_text _builder_version=&#8221;4.1&#8243; custom_margin=&#8221;0px|0px|0px|0px|false|false&#8221;]<\/p>\n<h1 style=\"text-align: center;\">DIE PIONIERGEMEINDEN IN ITALIEN<\/h1>\n<p>[\/et_pb_text][\/et_pb_column][et_pb_column type=&#8221;1_3&#8243; _builder_version=&#8221;4.1&#8243;][et_pb_toggle title=&#8221;Comune di Calceranica al Lago&#8221; _builder_version=&#8221;4.4.5&#8243;]<\/p>\n<div><strong>Comune di Calceranica al Lago<\/strong><\/div>\n<div>\n<div>Referenzjahr 2020<\/div>\n<div>Grundlage: Matrix der Gemeinden 2.0<\/div>\n<\/div>\n<div>GW\u00d6-Regionalgruppe: Trentino<\/div>\n<div>\n<div title=\"Page 1\">\n<p><strong>Hier geht&#8217;s zum <a href=\"https:\/\/www.economia-del-bene-comune.it\/wp-content\/uploads\/2021\/05\/Bilancio-del-Bene-Comune_2.0_comune_Calceranica_2017-2020.pdf\" target=\"_blank\" rel=\"noopener noreferrer\">Gemeinwohlbericht der Gemeinde Calceranica al Lago!<\/a><\/strong><\/p>\n<\/div>\n<\/div>\n<p>[\/et_pb_toggle][et_pb_toggle title=&#8221;Gemeinden Laces&#8221; _builder_version=&#8221;4.1&#8243;]<\/p>\n<div><strong>Gemeinde Latsch<\/strong><\/div>\n<div>Referenzjahr 2013<\/div>\n<div>Grundlage: GW\u00d6-Matrix f\u00fcr Unternehmen<\/div>\n<div>Regionalgruppe S\u00fcdtirol<\/div>\n<div>\n<div title=\"Page 1\"><strong><a href=\"https:\/\/www.economia-del-bene-comune.it\/wp-content\/uploads\/2020\/04\/BBC-comunelaces2013.pdf\" target=\"_blank\" rel=\"noopener noreferrer\">Hier geht&#8217;s zum Gemeinwohlbericht der Gemeinde Latsch<\/a>!<\/strong><\/div>\n<\/div>\n<p>[\/et_pb_toggle][et_pb_toggle title=&#8221;Gemeinden Malles&#8221; _builder_version=&#8221;4.1&#8243;]<\/p>\n<div title=\"Page 1\">\n<div><strong>Gemeinde Mals<\/strong><\/div>\n<div>Referenzjahr 2013<\/div>\n<div>Grundlage: GW\u00d6-Matrix f\u00fcr Unternehmen<\/div>\n<div>Regionalgruppe S\u00fcdtirol<\/div>\n<\/div>\n<div>\n<div title=\"Page 1\"><a href=\"https:\/\/www.economia-del-bene-comune.it\/wp-content\/uploads\/2020\/04\/BBC-comunemalles2013.pdf\"><strong><a href=\"https:\/\/www.economia-del-bene-comune.it\/wp-content\/uploads\/2020\/04\/BBC-comunelaces2013.pdf\" target=\"_blank\" rel=\"noopener noreferrer\">Hier geht&#8217;s zum Gemeinwohlbericht <\/a>der Gemeinde Mals<\/strong><\/a><\/div>\n<\/div>\n<p>[\/et_pb_toggle][\/et_pb_column][et_pb_column type=&#8221;1_3&#8243; _builder_version=&#8221;4.1&#8243;][et_pb_toggle title=&#8221;Gemeinde Lasa&#8221; _builder_version=&#8221;4.1&#8243;]<\/p>\n<div title=\"Page 1\"><strong>Gemeinde Laas<\/strong><\/div>\n<div title=\"Page 1\">\n<div>Referenzjahr 2013<\/div>\n<div>Grundlage: GW\u00d6-Matrix f\u00fcr Unternehmen<\/div>\n<div>Regionalgruppe S\u00fcdtirol<\/div>\n<div>\n<div title=\"Page 1\"><strong><a href=\"https:\/\/www.economia-del-bene-comune.it\/wp-content\/uploads\/2020\/04\/BBC-comunelaces2013.pdf\" target=\"_blank\" rel=\"noopener noreferrer\">Hier geht&#8217;s zum Gemeinwohlbericht <\/a><a href=\"https:\/\/www.economia-del-bene-comune.it\/wp-content\/uploads\/2020\/04\/BBC-comunelasa2013.pdf\" target=\"_blank\" rel=\"noopener noreferrer\">der Gemeinde Laas<\/a>!<\/strong><\/div>\n<\/div>\n<\/div>\n<p>[\/et_pb_toggle][et_pb_toggle title=&#8221;Gemeinde Schlanders&#8221; _builder_version=&#8221;4.1&#8243;]<\/p>\n<div>\n<div title=\"Page 1\">\n<div title=\"Page 1\">\n<div title=\"Page 1\"><strong>Gemeinde Schlanders<\/strong><\/div>\n<div title=\"Page 1\">\n<div>Referenzjahr 2013<\/div>\n<div>Grundlage: GW\u00d6-Matrix f\u00fcr Unternehmen<\/div>\n<div>Regionalgruppe S\u00fcdtirol<\/div>\n<div>\n<div title=\"Page 1\"><strong><a href=\"https:\/\/www.economia-del-bene-comune.it\/wp-content\/uploads\/2020\/04\/BBC-comunelaces2013.pdf\" target=\"_blank\" rel=\"noopener noreferrer\">Hier geht&#8217;s zum Gemeinwohlbericht <\/a><a href=\"https:\/\/www.economia-del-bene-comune.it\/wp-content\/uploads\/2020\/04\/BBC-comunesilandro2013.pdf\" target=\"_blank\" rel=\"noopener noreferrer\">der Gemeinde Schlanders<\/a>!<\/strong><\/div>\n<\/div>\n<\/div>\n<\/div>\n<\/div>\n<\/div>\n<p>[\/et_pb_toggle][et_pb_toggle title=&#8221;Comune di Castello Molina di Fiemme (in Erarbeitung 2021)&#8221; _builder_version=&#8221;4.4.5&#8243; hover_enabled=&#8221;0&#8243;]<\/p>\n<div><strong>Gemeinde Castello Molina di Fiemme<\/strong><\/div>\n<div>\n<p>Referenzjahr: 2021<br \/>Grundlage: Matrice Comuni 2.0<br \/><span style=\"color: var(--dark-font); font-family: var(--roman-font); font-size: 14px; letter-spacing: 0.2px;\">Regionalgruppe: Trentino<\/span><\/p>\n<p>Die Gemeinde ist gerade dabei, ihren Bericht zu erstellen. Wir werden ihn anschlie\u00dfend hochladen.<\/p>\n<div>\n<div title=\"Page 1\">\n<p>&nbsp;<\/p>\n<\/div>\n<\/div>\n<\/div>\n<div>\u00a0<\/div>\n<div>\n<div title=\"Page 1\">\n<p>&nbsp;<\/p>\n<\/div>\n<\/div>\n<p>[\/et_pb_toggle][\/et_pb_column][\/et_pb_row][et_pb_row column_structure=&#8221;1_4,1_4,1_4,1_4&#8243; _builder_version=&#8221;4.4.5&#8243; _dynamic_attributes=&#8221;link_option_url&#8221; background_color=&#8221;#ffffff&#8221; background_image=&#8221;https:\/\/www.economia-del-bene-comune.it\/wp-content\/uploads\/2020\/01\/header.jpg&#8221; background_enable_image=&#8221;off&#8221; parallax=&#8221;on&#8221; min_height=&#8221;100px&#8221; custom_padding=&#8221;||6px|||&#8221; link_option_url=&#8221;@ET-DC@eyJkeW5hbWljIjp0cnVlLCJjb250ZW50IjoicG9zdF9saW5rX3VybF9wYWdlIiwic2V0dGluZ3MiOnsicG9zdF9pZCI6IjYwMDkifX0=@&#8221; global_module=&#8221;6244&#8243; saved_tabs=&#8221;all&#8221; locked=&#8221;off&#8221;][et_pb_column type=&#8221;1_4&#8243; _builder_version=&#8221;4.1&#8243; _dynamic_attributes=&#8221;link_option_url&#8221; link_option_url=&#8221;@ET-DC@eyJkeW5hbWljIjp0cnVlLCJjb250ZW50IjoicG9zdF9saW5rX3VybF9wYWdlIiwic2V0dGluZ3MiOnsicG9zdF9pZCI6IjYwMDkifX0=@&#8221;][et_pb_image src=&#8221;https:\/\/www.economia-del-bene-comune.it\/wp-content\/uploads\/2020\/02\/icon_lighthouse_blue.png&#8221; title_text=&#8221;icon_lighthouse_blue&#8221; align=&#8221;center&#8221; _builder_version=&#8221;4.4.5&#8243; max_height=&#8221;123px&#8221;][\/et_pb_image][et_pb_button button_url=&#8221;https:\/\/www.economia-del-bene-comune.it\/de\/firmen\/&#8221; url_new_window=&#8221;on&#8221; button_text=&#8221;Unternehmen&#8221; button_alignment=&#8221;center&#8221; _builder_version=&#8221;4.4.5&#8243; custom_button=&#8221;on&#8221; button_text_size=&#8221;18px&#8221; button_bg_color=&#8221;#009da5&#8243;][\/et_pb_button][\/et_pb_column][et_pb_column type=&#8221;1_4&#8243; _builder_version=&#8221;4.1&#8243;][et_pb_image src=&#8221;https:\/\/www.economia-del-bene-comune.it\/wp-content\/uploads\/2020\/02\/icon_politics_blue.png&#8221; align=&#8221;center&#8221; _builder_version=&#8221;4.4.5&#8243; max_height=&#8221;123px&#8221;][\/et_pb_image][et_pb_button button_url=&#8221;https:\/\/www.economia-del-bene-comune.it\/de\/gemeinden\/&#8221; url_new_window=&#8221;on&#8221; button_text=&#8221;Gemeinden&#8221; button_alignment=&#8221;center&#8221; _builder_version=&#8221;4.4.5&#8243; custom_button=&#8221;on&#8221; button_text_size=&#8221;18px&#8221; button_bg_color=&#8221;#009da5&#8243;][\/et_pb_button][\/et_pb_column][et_pb_column type=&#8221;1_4&#8243; _builder_version=&#8221;4.1&#8243;][et_pb_image src=&#8221;https:\/\/www.economia-del-bene-comune.it\/wp-content\/uploads\/2020\/02\/icon_education_blue.png&#8221; align=&#8221;center&#8221; _builder_version=&#8221;4.4.5&#8243; max_height=&#8221;123px&#8221;][\/et_pb_image][et_pb_button button_url=&#8221;https:\/\/www.economia-del-bene-comune.it\/scuole\/&#8221; url_new_window=&#8221;on&#8221; button_text=&#8221;Bildungseinrichtungen&#8221; button_alignment=&#8221;center&#8221; _builder_version=&#8221;4.4.5&#8243; custom_button=&#8221;on&#8221; button_text_size=&#8221;18px&#8221; button_bg_color=&#8221;#009da5&#8243;][\/et_pb_button][\/et_pb_column][et_pb_column type=&#8221;1_4&#8243; _builder_version=&#8221;4.1&#8243;][et_pb_image src=&#8221;https:\/\/www.economia-del-bene-comune.it\/wp-content\/uploads\/2020\/02\/icon_people_blue.png&#8221; align=&#8221;center&#8221; _builder_version=&#8221;4.4.5&#8243; max_height=&#8221;123px&#8221;][\/et_pb_image][et_pb_button button_url=&#8221;https:\/\/www.economia-del-bene-comune.it\/famiglie-e-persone\/&#8221; url_new_window=&#8221;on&#8221; button_text=&#8221;Familien und Einzelpersonen&#8221; button_alignment=&#8221;center&#8221; _builder_version=&#8221;4.4.5&#8243; custom_button=&#8221;on&#8221; button_text_size=&#8221;18px&#8221; button_bg_color=&#8221;#009da5&#8243;][\/et_pb_button][\/et_pb_column][\/et_pb_row][\/et_pb_section]<\/p>\n","protected":false},"excerpt":{"rendered":"<p>[et_pb_section fb_built=&#8221;1&#8243; _builder_version=&#8221;4.1&#8243; border_color_all=&#8221;rgba(0,0,0,0)&#8221; collapsed=&#8221;off&#8221;][et_pb_row admin_label=&#8221;DIE GEMEINWOHLBILANZ&#8221; _builder_version=&#8221;4.4.5&#8243; background_enable_image=&#8221;off&#8221; min_height=&#8221;10px&#8221; custom_margin=&#8221;|79px||48px||&#8221; custom_padding=&#8221;|279px||||&#8221;][et_pb_column type=&#8221;4_4&#8243; _builder_version=&#8221;4.1&#8243;][et_pb_text _builder_version=&#8221;4.1&#8243; custom_margin=&#8221;|-234px||||&#8221;] GEMEINDEN [\/et_pb_text][\/et_pb_column][\/et_pb_row][\/et_pb_section][et_pb_section fb_built=&#8221;1&#8243; _builder_version=&#8221;4.1&#8243; background_enable_image=&#8221;off&#8221; collapsed=&#8221;off&#8221;][et_pb_row column_structure=&#8221;1_2,1_2&#8243; admin_label=&#8221;DIE GEMEINWOHLBILANZ&#8221; _builder_version=&#8221;4.1&#8243; background_color=&#8221;rgba(0,0,0,0)&#8221; background_enable_image=&#8221;off&#8221; min_height=&#8221;10px&#8221; custom_margin=&#8221;|79px||48px||&#8221; [&hellip;]<\/p>\n","protected":false},"author":17,"featured_media":0,"parent":0,"menu_order":0,"comment_status":"closed","ping_status":"closed","template":"","meta":{"_et_pb_use_builder":"on","_et_pb_old_content":"","_et_gb_content_width":"","_mi_skip_tracking":false,"_monsterinsights_sitenote_active":false,"_monsterinsights_sitenote_note":"","_monsterinsights_sitenote_category":0,"footnotes":""},"class_list":["post-7262","page","type-page","status-publish","hentry"],"_links":{"self":[{"href":"https:\/\/www.economia-del-bene-comune.it\/de\/wp-json\/wp\/v2\/pages\/7262","targetHints":{"allow":["GET"]}}],"collection":[{"href":"https:\/\/www.economia-del-bene-comune.it\/de\/wp-json\/wp\/v2\/pages"}],"about":[{"href":"https:\/\/www.economia-del-bene-comune.it\/de\/wp-json\/wp\/v2\/types\/page"}],"author":[{"embeddable":true,"href":"https:\/\/www.economia-del-bene-comune.it\/de\/wp-json\/wp\/v2\/users\/17"}],"replies":[{"embeddable":true,"href":"https:\/\/www.economia-del-bene-comune.it\/de\/wp-json\/wp\/v2\/comments?post=7262"}],"version-history":[{"count":12,"href":"https:\/\/www.economia-del-bene-comune.it\/de\/wp-json\/wp\/v2\/pages\/7262\/revisions"}],"predecessor-version":[{"id":10472,"href":"https:\/\/www.economia-del-bene-comune.it\/de\/wp-json\/wp\/v2\/pages\/7262\/revisions\/10472"}],"wp:attachment":[{"href":"https:\/\/www.economia-del-bene-comune.it\/de\/wp-json\/wp\/v2\/media?parent=7262"}],"curies":[{"name":"wp","href":"https:\/\/api.w.org\/{rel}","templated":true}]}}