{"id":7859,"date":"2020-04-14T15:31:51","date_gmt":"2020-04-14T13:31:51","guid":{"rendered":"https:\/\/www.economia-del-bene-comune.it\/beitrag-zur-gwo\/"},"modified":"2021-11-21T16:34:23","modified_gmt":"2021-11-21T15:34:23","slug":"beitrag-zur-gwo","status":"publish","type":"page","link":"https:\/\/www.economia-del-bene-comune.it\/de\/beitrag-zur-gwo\/","title":{"rendered":"Contribuire ad EBC"},"content":{"rendered":"<p>[et_pb_section fb_built=&#8221;1&#8243; _builder_version=&#8221;4.1&#8243; border_color_all=&#8221;rgba(0,0,0,0)&#8221; collapsed=&#8221;off&#8221;][et_pb_row admin_label=&#8221;DIE GW\u00d6-BILANZ&#8221; _builder_version=&#8221;4.4.5&#8243; background_color=&#8221;#009da5&#8243; background_enable_image=&#8221;off&#8221; min_height=&#8221;10px&#8221; custom_margin=&#8221;|79px||48px||&#8221; custom_padding=&#8221;|279px||||&#8221;][et_pb_column type=&#8221;4_4&#8243; _builder_version=&#8221;4.1&#8243;][et_pb_text admin_label=&#8221;Testo&#8221; _builder_version=&#8221;4.4.5&#8243; custom_margin=&#8221;|-234px||||&#8221;]<\/p>\n<h1><span style=\"color: #ffffff;\">WIE KANN ICH MICH AKTIV BETEILIGEN?<\/span><\/h1>\n<p>[\/et_pb_text][\/et_pb_column][\/et_pb_row][\/et_pb_section][et_pb_section fb_built=&#8221;1&#8243; _builder_version=&#8221;4.1&#8243; background_enable_image=&#8221;off&#8221; collapsed=&#8221;off&#8221;][et_pb_row column_structure=&#8221;1_2,1_2&#8243; admin_label=&#8221;DIE GW\u00d6-BILANZ&#8221; _builder_version=&#8221;4.1&#8243; background_color=&#8221;rgba(0,0,0,0)&#8221; background_enable_image=&#8221;off&#8221; min_height=&#8221;10px&#8221; custom_margin=&#8221;|79px||48px||&#8221; custom_padding=&#8221;|279px||||&#8221;][et_pb_column type=&#8221;1_2&#8243; _builder_version=&#8221;4.1&#8243;][et_pb_image src=&#8221;https:\/\/www.economia-del-bene-comune.it\/wp-content\/uploads\/2020\/03\/JohannesEngl.png&#8221; _builder_version=&#8221;4.4.5&#8243; hover_enabled=&#8221;0&#8243;][\/et_pb_image][\/et_pb_column][et_pb_column type=&#8221;1_2&#8243; _builder_version=&#8221;4.1&#8243;][et_pb_text _builder_version=&#8221;4.4.5&#8243; text_text_color=&#8221;#009da5&#8243; text_font_size=&#8221;20px&#8221; background_enable_image=&#8221;off&#8221; custom_margin=&#8221;|-234px||||&#8221; hover_enabled=&#8221;0&#8243;]<\/p>\n<p><em>&#8220;Die Gemeinwohl-Bilanz ist ein umfassendes und wertvolles Instrument, um unser Unternehmen weiterzuentwickeln. So k\u00f6nnen wir Kunden, Lieferanten und Mitarbeiter*Innen \u00fcber unseren Ansatz miteinbeziehen und \u00fcber unsere Verpflichtung zur Steigerung des Gemeinwohls informieren. Deshalb bin ich ein stolzes Mitglied der GW\u00d6-Bewegung.<\/em><\/p>\n<p>Johannes Engl, Unternehmer bei HANNS ENGL Werkzeugbau und Koordinator der S\u00fcdtiroler GW\u00d6-Regionalgruppe<\/p>\n<p>[\/et_pb_text][\/et_pb_column][\/et_pb_row][\/et_pb_section][et_pb_section fb_built=&#8221;1&#8243; _builder_version=&#8221;4.1&#8243;][et_pb_row _builder_version=&#8221;4.4.5&#8243; column_structure=&#8221;2_5,3_5&#8243;][et_pb_column _builder_version=&#8221;4.4.5&#8243; type=&#8221;2_5&#8243;][et_pb_image _builder_version=&#8221;4.4.5&#8243; title_text=&#8221;icon_local_chapter_green&#8221; src=&#8221;https:\/\/www.economia-del-bene-comune.it\/wp-content\/uploads\/2021\/09\/icon_local_chapter_green.png&#8221; hover_enabled=&#8221;0&#8243; width=&#8221;80%&#8221;][\/et_pb_image][\/et_pb_column][et_pb_column _builder_version=&#8221;4.4.5&#8243; type=&#8221;3_5&#8243;][et_pb_text _builder_version=&#8221;4.4.5&#8243; hover_enabled=&#8221;0&#8243;]<\/p>\n<h2>WENDE DICH AN DEINE REGIONALGRUPPE!<\/h2>\n<ul>\n<li>RG Piemonte: <a href=\"mailto:piemonte@febc.eu\">piemonte@febc.eu<\/a><\/li>\n<li>RG Emilia-Romagna: <a href=\"mailto:romagna@febc.eu\">romagna@febc.eu<\/a><\/li>\n<li>RG S\u00fcdtirol: <a href=\"mailto:bz@febc.eu\">bz@febc.eu<\/a><\/li>\n<li>RG Lazio: <a href=\"mailto:lazio@febc.eu\">lazio@febc.eu<\/a><\/li>\n<li>RG Trentino: <a href=\"mailto:trentino@febc.eu\">trentino@febc.eu<\/a><\/li>\n<li>RG Veneto: <a href=\"mailto:veneto@febc.eu\">veneto@febc.eu<\/a><\/li>\n<\/ul>\n<p>Gibt es in deiner Zone noch keine GW\u00d6-Regionalgruppe? Dann kontaktiere uns unter <a href=\"mailto:info@febc.eu\">info@febc.eu<\/a> und erhalten alle Informationen, um eine Regionalgruppe zu gr\u00fcnden.<\/p>\n<p>[\/et_pb_text][\/et_pb_column][\/et_pb_row][et_pb_row _builder_version=&#8221;4.4.5&#8243; column_structure=&#8221;1_3,1_3,1_3&#8243;][et_pb_column _builder_version=&#8221;4.4.5&#8243; type=&#8221;1_3&#8243;][et_pb_text _builder_version=&#8221;4.4.5&#8243; hover_enabled=&#8221;0&#8243;]<\/p>\n<h2>GW\u00d6 MITGLIED WERDEN<\/h2>\n<p>Ein GW\u00d6-Mitglied zu sein ist eine wunderbare Gelegenheit, die Bewegung zu unterst\u00fctzen, aktiv an nationalen und internationalen Aktivit\u00e4ten, Versammlungen, Arbeitsgruppen und territorialen Gruppen teilzunehmen und die GW\u00d6 auf territorialer Ebene zu f\u00f6rdern. Mitglied werden<\/p>\n<ol>\n<li><strong><a href=\"https:\/\/interactive.ecogood.org\/smartwe\/registration_customer\/?vgart=MEMBER&amp;lang=it\" target=\"_blank\" rel=\"noopener noreferrer\">Hier geht&#8217;s zur Mitgliedsanfrage<\/a><\/strong><strong><br \/><\/strong><\/li>\n<li><strong>\u00dcberweise den Mitgliedsbeitrag <\/strong>einfach \u00fcber\u00a0<strong><a href=\"https:\/\/www.paypal.com\/donate\/?hosted_button_id=Y9XU2EDS9J9F2\">Paypal\u00a0<\/a><\/strong>oder \u00fcber Bank\u00fcberweisung an:<\/li>\n<\/ol>\n<p>Banca Etica,\u00a0IBAN: IT43 N 05018 11700 000011544681, Codice BIC\/SWIFT: CCRTIT2T84A<\/p>\n<p>[\/et_pb_text][\/et_pb_column][et_pb_column _builder_version=&#8221;4.4.5&#8243; type=&#8221;1_3&#8243;][et_pb_image _builder_version=&#8221;4.4.5&#8243; title_text=&#8221;qrcode&#8221; src=&#8221;https:\/\/www.economia-del-bene-comune.it\/wp-content\/uploads\/2021\/11\/qrcode.png&#8221; hover_enabled=&#8221;0&#8243;][\/et_pb_image][\/et_pb_column][et_pb_column _builder_version=&#8221;4.4.5&#8243; type=&#8221;1_3&#8243;][et_pb_text _builder_version=&#8221;4.4.5&#8243; hover_enabled=&#8221;0&#8243;]<\/p>\n<h2>SPENDE JETZT!<\/h2>\n<p>Die GW\u00d6-Matrix und die Handb\u00fccher werden\u00a0unter Einbeziehung aller Beteiligten kontinuierlich weiterentwickelt und als Open Source zug\u00e4nglich gemacht.<\/p>\n<p>Unterst\u00fctze diese Arbeiten der GW\u00d6-Bewegung gerne jederzeit mit einer einfachen Spende!<\/p>\n<ul>\n<li><a href=\"https:\/\/interactive.ecogood.org\/smartwe\/registration_customer\/?vgart=DONATOR&amp;lang=it\"><strong>Klicke hier, um sich als Spender zu registrieren<\/strong><\/a><\/li>\n<li>\u00dcberweise einfach per <strong><a href=\"https:\/\/www.paypal.com\/donate\/?hosted_button_id=Y9XU2EDS9J9F2\">Paypal <\/a><\/strong>oder Bank\u00fcberweisung an:<\/li>\n<\/ul>\n<p>Banca Etica, IBAN: IT43 N 05018 11700 000011544681, BIC\/SWIFT-Code: CCRTIT2T84A<\/p>\n<p>[\/et_pb_text][\/et_pb_column][\/et_pb_row][et_pb_row column_structure=&#8221;1_2,1_2&#8243; _builder_version=&#8221;4.1&#8243;][et_pb_column type=&#8221;1_2&#8243; _builder_version=&#8221;4.1&#8243;][et_pb_text _builder_version=&#8221;4.4.5&#8243;]<\/p>\n<h2><strong>UNTERST\u00dcTZE UNS MIT DEINEN 5 PROMILLE!<\/strong><\/h2>\n<p>Gebe einfach unsere Steuernummer in den entsprechenden Abschnitt deiner Einkommensteuererkl\u00e4rung ein!<\/p>\n<p><strong>Steuernummer: 92044210216<\/strong><\/p>\n<p>[\/et_pb_text][\/et_pb_column][et_pb_column type=&#8221;1_2&#8243; _builder_version=&#8221;4.1&#8243;][et_pb_text _builder_version=&#8221;4.1&#8243;]<\/p>\n<h2>SCHREIBE EINE DIPLOM- ODER FORSCHUNGSARBEIT \u00dcBER DIE GW\u00d6!<\/h2>\n<p>Dissertationen und Forschungsarbeiten \u00fcber die Gemeinwohl-\u00d6konomie sind f\u00fcr uns sehr wichtig, weil sie es uns erm\u00f6glichen, das Modell zu st\u00e4rken und seine Verbreitung und Wirkung in Organisationen und Gebieten zu analysieren.<\/p>\n<p>Bei Interesse wende dich einfach an <a href=\"mailto:info@febc.eu\">info@febc.eu\u00a0<\/a><\/p>\n<p>[\/et_pb_text][\/et_pb_column][\/et_pb_row][et_pb_row column_structure=&#8221;1_2,1_2&#8243; _builder_version=&#8221;4.1&#8243;][et_pb_column type=&#8221;1_2&#8243; _builder_version=&#8221;4.1&#8243;][et_pb_text _builder_version=&#8221;4.4.5&#8243; hover_enabled=&#8221;0&#8243;]<\/p>\n<h2>LADE UNS EIN, \u00dcBER DIE GW\u00d6 ZU SPRECHEN<\/h2>\n<p>Kontaktiere deine Regionalgruppe oder schreibe uns an <a href=\"mailto:info@febc.eu\">info@febc.eu. <\/a>Wir kommen gerne!<\/p>\n<p>[\/et_pb_text][\/et_pb_column][et_pb_column type=&#8221;1_2&#8243; _builder_version=&#8221;4.1&#8243;][et_pb_text _builder_version=&#8221;4.1&#8243;]<\/p>\n<h2>ORGANISIERE EINEN GW\u00d6-WORKSHOP ODER EVENT<\/h2>\n<p>Kontaktiere deine Regionalgruppe oder schreibe uns an <a href=\"mailto:info@febc.eu\">info@febc.eu. <\/a>Wir kommen gerne!<\/p>\n<p>[\/et_pb_text][\/et_pb_column][\/et_pb_row][et_pb_row _builder_version=&#8221;4.4.5&#8243;][et_pb_column _builder_version=&#8221;4.4.5&#8243; type=&#8221;4_4&#8243;][\/et_pb_column][\/et_pb_row][\/et_pb_section]<\/p>\n","protected":false},"excerpt":{"rendered":"<p>[et_pb_section fb_built=&#8221;1&#8243; _builder_version=&#8221;4.1&#8243; border_color_all=&#8221;rgba(0,0,0,0)&#8221; collapsed=&#8221;off&#8221;][et_pb_row admin_label=&#8221;DIE GW\u00d6-BILANZ&#8221; _builder_version=&#8221;4.4.5&#8243; background_color=&#8221;#009da5&#8243; background_enable_image=&#8221;off&#8221; min_height=&#8221;10px&#8221; custom_margin=&#8221;|79px||48px||&#8221; custom_padding=&#8221;|279px||||&#8221;][et_pb_column type=&#8221;4_4&#8243; _builder_version=&#8221;4.1&#8243;][et_pb_text admin_label=&#8221;Testo&#8221; _builder_version=&#8221;4.4.5&#8243; custom_margin=&#8221;|-234px||||&#8221;] WIE KANN ICH MICH AKTIV BETEILIGEN? [\/et_pb_text][\/et_pb_column][\/et_pb_row][\/et_pb_section][et_pb_section fb_built=&#8221;1&#8243; _builder_version=&#8221;4.1&#8243; background_enable_image=&#8221;off&#8221; collapsed=&#8221;off&#8221;][et_pb_row column_structure=&#8221;1_2,1_2&#8243; [&hellip;]<\/p>\n","protected":false},"author":17,"featured_media":0,"parent":0,"menu_order":0,"comment_status":"closed","ping_status":"closed","template":"","meta":{"_et_pb_use_builder":"on","_et_pb_old_content":"","_et_gb_content_width":"","_mi_skip_tracking":false,"_monsterinsights_sitenote_active":false,"_monsterinsights_sitenote_note":"","_monsterinsights_sitenote_category":0,"footnotes":""},"class_list":["post-7859","page","type-page","status-publish","hentry"],"_links":{"self":[{"href":"https:\/\/www.economia-del-bene-comune.it\/de\/wp-json\/wp\/v2\/pages\/7859","targetHints":{"allow":["GET"]}}],"collection":[{"href":"https:\/\/www.economia-del-bene-comune.it\/de\/wp-json\/wp\/v2\/pages"}],"about":[{"href":"https:\/\/www.economia-del-bene-comune.it\/de\/wp-json\/wp\/v2\/types\/page"}],"author":[{"embeddable":true,"href":"https:\/\/www.economia-del-bene-comune.it\/de\/wp-json\/wp\/v2\/users\/17"}],"replies":[{"embeddable":true,"href":"https:\/\/www.economia-del-bene-comune.it\/de\/wp-json\/wp\/v2\/comments?post=7859"}],"version-history":[{"count":7,"href":"https:\/\/www.economia-del-bene-comune.it\/de\/wp-json\/wp\/v2\/pages\/7859\/revisions"}],"predecessor-version":[{"id":10461,"href":"https:\/\/www.economia-del-bene-comune.it\/de\/wp-json\/wp\/v2\/pages\/7859\/revisions\/10461"}],"wp:attachment":[{"href":"https:\/\/www.economia-del-bene-comune.it\/de\/wp-json\/wp\/v2\/media?parent=7859"}],"curies":[{"name":"wp","href":"https:\/\/api.w.org\/{rel}","templated":true}]}}